{"id":48571,"date":"2019-04-10T14:37:49","date_gmt":"2019-04-10T14:37:49","guid":{"rendered":"https:\/\/www.idp.es\/?page_id=48571"},"modified":"2022-09-18T10:05:02","modified_gmt":"2022-09-18T10:05:02","slug":"bim","status":"publish","type":"page","link":"https:\/\/www.idp.es\/bim\/","title":{"rendered":"Metodolog\u00eda BIM"},"content":{"rendered":"<section class=\"cult-cnt\">\n<header class=\"quienes-section-wrap quien-hdr\">\n<h2 class=\"quienes-sect-title\">IMPLANTACI\u00d3N BIM<\/h2>\n<\/header>\n<div class=\"section-description\">\n<p style=\"text-align: center;\"><span style=\"font-size: 14pt;\">M\u00e1s all\u00e1 de dar cumplimiento al marco legal de cada pa\u00eds por lo que al BIM respecta, que es el motivo por el cual muchas empresas solicitan una implantaci\u00f3n en su empresa, nuestra misi\u00f3n como consultores se fundamenta en superar gran parte de los inconvenientes que se derivan de la metodolog\u00eda de trabajo tradicional. Facilitar el traspaso de informaci\u00f3n entre agentes internos y externos y aumentar en consecuencia la eficiencia en el uso de recursos humanos e instrumentales.\u00a0<\/span><\/p>\n<p>&nbsp;<\/p>\n<\/div>\n<\/section>\n<div class=\"modelo-cnt\">\n<div class=\"sketchfab-embed-wrapper\">\n<p><iframe data-src=\"https:\/\/sketchfab.com\/models\/955209b24352482d8fa045371e43ca01\/embed?annotation_cycle=5&amp;autostart=1&amp;transparent=0\" width=\"1300\" height=\"768\" frameborder=\"0\" allowfullscreen=\"allowfullscreen\" src=\"data:image\/svg+xml;base64,PHN2ZyB3aWR0aD0iMSIgaGVpZ2h0PSIxIiB4bWxucz0iaHR0cDovL3d3dy53My5vcmcvMjAwMC9zdmciPjwvc3ZnPg==\" class=\"lazyload\" data-load-mode=\"1\"><\/iframe><\/p>\n<\/div>\n<div class=\"modelo-logo-layer\"><img decoding=\"async\" class=\"lazyloaded\" src=\"https:\/\/www.idp.es\/wp-content\/uploads\/2018\/02\/logoIDP-1.jpg\" alt=\"IDP - ingenier\u00eda \u00b7 medio ambiente \u00b7 arquitectura\" data-lazy-src=\"https:\/\/www.idp.es\/wp-content\/uploads\/2018\/02\/logoIDP-1.jpg\" data-was-processed=\"true\" \/><noscript><img src=https:\/\/www.idp.es\/wp-content\/uploads\/2018\/02\/logoIDP-1.jpg alt=\"IDP - ingenier\u00eda \u00b7 medio ambiente \u00b7 arquitectura\"><\/noscript><\/div>\n<\/div>\n","protected":false},"excerpt":{"rendered":"<p>IMPLANTACI\u00d3N BIM M\u00e1s all\u00e1 de dar cumplimiento al marco legal de cada pa\u00eds por lo que al BIM respecta, que es el motivo por el cual muchas empresas solicitan una implantaci\u00f3n en su empresa, nuestra misi\u00f3n como consultores se fundamenta en superar gran parte de los inconvenientes que se derivan de la metodolog\u00eda de trabajo [&hellip;]<\/p>\n","protected":false},"author":1,"featured_media":49362,"parent":0,"menu_order":0,"comment_status":"closed","ping_status":"closed","template":"template-bim.php","meta":{"_acf_changed":false,"inline_featured_image":false,"_vp_format_video_url":"","_vp_image_focal_point":[],"footnotes":""},"class_list":["post-48571","page","type-page","status-publish","has-post-thumbnail","hentry"],"acf":[],"yoast_head":"<!-- This site is optimized with the Yoast SEO plugin v27.0 - https:\/\/yoast.com\/product\/yoast-seo-wordpress\/ -->\n<title>Metodolog\u00eda BIM - IDP - ingenier\u00eda \u00b7 medio ambiente \u00b7 arquitectura<\/title>\n<meta name=\"robots\" content=\"index, follow, max-snippet:-1, max-image-preview:large, max-video-preview:-1\" \/>\n<link rel=\"canonical\" href=\"https:\/\/www.idp.es\/en\/bim\/\" \/>\n<meta property=\"og:locale\" content=\"en_US\" \/>\n<meta property=\"og:type\" content=\"article\" \/>\n<meta property=\"og:title\" content=\"Metodolog\u00eda BIM - IDP - ingenier\u00eda \u00b7 medio ambiente \u00b7 arquitectura\" \/>\n<meta property=\"og:description\" content=\"IMPLANTACI\u00d3N BIM M\u00e1s all\u00e1 de dar cumplimiento al marco legal de cada pa\u00eds por lo que al BIM respecta, que es el motivo por el cual muchas empresas solicitan una implantaci\u00f3n en su empresa, nuestra misi\u00f3n como consultores se fundamenta en superar gran parte de los inconvenientes que se derivan de la metodolog\u00eda de trabajo [&hellip;]\" \/>\n<meta property=\"og:url\" content=\"https:\/\/www.idp.es\/bim\/\" \/>\n<meta property=\"og:site_name\" content=\"IDP - ingenier\u00eda \u00b7 medio ambiente \u00b7 arquitectura\" \/>\n<meta property=\"article:modified_time\" content=\"2022-09-18T10:05:02+00:00\" \/>\n<meta property=\"og:image\" content=\"https:\/\/www.idp.es\/wp-content\/uploads\/2019\/04\/Cabecera-3000x800.png\" \/>\n\t<meta property=\"og:image:width\" content=\"3000\" \/>\n\t<meta property=\"og:image:height\" content=\"836\" \/>\n\t<meta property=\"og:image:type\" content=\"image\/png\" \/>\n<meta name=\"twitter:card\" content=\"summary_large_image\" \/>\n<meta name=\"twitter:label1\" content=\"Est. reading time\" \/>\n\t<meta name=\"twitter:data1\" content=\"1 minute\" \/>\n<script type=\"application\/ld+json\" class=\"yoast-schema-graph\">{\"@context\":\"https:\/\/schema.org\",\"@graph\":[{\"@type\":\"WebPage\",\"@id\":\"https:\/\/www.idp.es\/bim\/\",\"url\":\"https:\/\/www.idp.es\/bim\/\",\"name\":\"Metodolog\u00eda BIM - IDP - ingenier\u00eda \u00b7 medio ambiente \u00b7 arquitectura\",\"isPartOf\":{\"@id\":\"https:\/\/www.idp.es\/en\/#website\"},\"primaryImageOfPage\":{\"@id\":\"https:\/\/www.idp.es\/bim\/#primaryimage\"},\"image\":{\"@id\":\"https:\/\/www.idp.es\/bim\/#primaryimage\"},\"thumbnailUrl\":\"https:\/\/www.idp.es\/wp-content\/uploads\/2019\/04\/Cabecera-3000x800.png\",\"datePublished\":\"2019-04-10T14:37:49+00:00\",\"dateModified\":\"2022-09-18T10:05:02+00:00\",\"breadcrumb\":{\"@id\":\"https:\/\/www.idp.es\/bim\/#breadcrumb\"},\"inLanguage\":\"en-US\",\"potentialAction\":[{\"@type\":\"ReadAction\",\"target\":[\"https:\/\/www.idp.es\/bim\/\"]}]},{\"@type\":\"ImageObject\",\"inLanguage\":\"en-US\",\"@id\":\"https:\/\/www.idp.es\/bim\/#primaryimage\",\"url\":\"https:\/\/www.idp.es\/wp-content\/uploads\/2019\/04\/Cabecera-3000x800.png\",\"contentUrl\":\"https:\/\/www.idp.es\/wp-content\/uploads\/2019\/04\/Cabecera-3000x800.png\",\"width\":3000,\"height\":836},{\"@type\":\"BreadcrumbList\",\"@id\":\"https:\/\/www.idp.es\/bim\/#breadcrumb\",\"itemListElement\":[{\"@type\":\"ListItem\",\"position\":1,\"name\":\"Portada\",\"item\":\"https:\/\/www.idp.es\/en\/\"},{\"@type\":\"ListItem\",\"position\":2,\"name\":\"Metodolog\u00eda BIM\"}]},{\"@type\":\"WebSite\",\"@id\":\"https:\/\/www.idp.es\/en\/#website\",\"url\":\"https:\/\/www.idp.es\/en\/\",\"name\":\"IDP - ingenier\u00eda \u00b7 medio ambiente \u00b7 arquitectura\",\"description\":\"IDP INGENIERIA Y ARQUITECTURA IBERIA SL\",\"publisher\":{\"@id\":\"https:\/\/www.idp.es\/en\/#organization\"},\"potentialAction\":[{\"@type\":\"SearchAction\",\"target\":{\"@type\":\"EntryPoint\",\"urlTemplate\":\"https:\/\/www.idp.es\/en\/?s={search_term_string}\"},\"query-input\":{\"@type\":\"PropertyValueSpecification\",\"valueRequired\":true,\"valueName\":\"search_term_string\"}}],\"inLanguage\":\"en-US\"},{\"@type\":\"Organization\",\"@id\":\"https:\/\/www.idp.es\/en\/#organization\",\"name\":\"IDP\",\"url\":\"https:\/\/www.idp.es\/en\/\",\"logo\":{\"@type\":\"ImageObject\",\"inLanguage\":\"en-US\",\"@id\":\"https:\/\/www.idp.es\/en\/#\/schema\/logo\/image\/\",\"url\":\"https:\/\/www.idp.es\/wp-content\/uploads\/2018\/02\/logoIDP.jpg\",\"contentUrl\":\"https:\/\/www.idp.es\/wp-content\/uploads\/2018\/02\/logoIDP.jpg\",\"width\":210,\"height\":65,\"caption\":\"IDP\"},\"image\":{\"@id\":\"https:\/\/www.idp.es\/en\/#\/schema\/logo\/image\/\"}}]}<\/script>\n<!-- \/ Yoast SEO plugin. -->","yoast_head_json":{"title":"Metodolog\u00eda BIM - IDP - ingenier\u00eda \u00b7 medio ambiente \u00b7 arquitectura","robots":{"index":"index","follow":"follow","max-snippet":"max-snippet:-1","max-image-preview":"max-image-preview:large","max-video-preview":"max-video-preview:-1"},"canonical":"https:\/\/www.idp.es\/en\/bim\/","og_locale":"en_US","og_type":"article","og_title":"Metodolog\u00eda BIM - IDP - ingenier\u00eda \u00b7 medio ambiente \u00b7 arquitectura","og_description":"IMPLANTACI\u00d3N BIM M\u00e1s all\u00e1 de dar cumplimiento al marco legal de cada pa\u00eds por lo que al BIM respecta, que es el motivo por el cual muchas empresas solicitan una implantaci\u00f3n en su empresa, nuestra misi\u00f3n como consultores se fundamenta en superar gran parte de los inconvenientes que se derivan de la metodolog\u00eda de trabajo [&hellip;]","og_url":"https:\/\/www.idp.es\/bim\/","og_site_name":"IDP - ingenier\u00eda \u00b7 medio ambiente \u00b7 arquitectura","article_modified_time":"2022-09-18T10:05:02+00:00","og_image":[{"width":3000,"height":836,"url":"https:\/\/www.idp.es\/wp-content\/uploads\/2019\/04\/Cabecera-3000x800.png","type":"image\/png"}],"twitter_card":"summary_large_image","twitter_misc":{"Est. reading time":"1 minute"},"schema":{"@context":"https:\/\/schema.org","@graph":[{"@type":"WebPage","@id":"https:\/\/www.idp.es\/bim\/","url":"https:\/\/www.idp.es\/bim\/","name":"Metodolog\u00eda BIM - IDP - ingenier\u00eda \u00b7 medio ambiente \u00b7 arquitectura","isPartOf":{"@id":"https:\/\/www.idp.es\/en\/#website"},"primaryImageOfPage":{"@id":"https:\/\/www.idp.es\/bim\/#primaryimage"},"image":{"@id":"https:\/\/www.idp.es\/bim\/#primaryimage"},"thumbnailUrl":"https:\/\/www.idp.es\/wp-content\/uploads\/2019\/04\/Cabecera-3000x800.png","datePublished":"2019-04-10T14:37:49+00:00","dateModified":"2022-09-18T10:05:02+00:00","breadcrumb":{"@id":"https:\/\/www.idp.es\/bim\/#breadcrumb"},"inLanguage":"en-US","potentialAction":[{"@type":"ReadAction","target":["https:\/\/www.idp.es\/bim\/"]}]},{"@type":"ImageObject","inLanguage":"en-US","@id":"https:\/\/www.idp.es\/bim\/#primaryimage","url":"https:\/\/www.idp.es\/wp-content\/uploads\/2019\/04\/Cabecera-3000x800.png","contentUrl":"https:\/\/www.idp.es\/wp-content\/uploads\/2019\/04\/Cabecera-3000x800.png","width":3000,"height":836},{"@type":"BreadcrumbList","@id":"https:\/\/www.idp.es\/bim\/#breadcrumb","itemListElement":[{"@type":"ListItem","position":1,"name":"Portada","item":"https:\/\/www.idp.es\/en\/"},{"@type":"ListItem","position":2,"name":"Metodolog\u00eda BIM"}]},{"@type":"WebSite","@id":"https:\/\/www.idp.es\/en\/#website","url":"https:\/\/www.idp.es\/en\/","name":"IDP - ingenier\u00eda \u00b7 medio ambiente \u00b7 arquitectura","description":"IDP INGENIERIA Y ARQUITECTURA IBERIA SL","publisher":{"@id":"https:\/\/www.idp.es\/en\/#organization"},"potentialAction":[{"@type":"SearchAction","target":{"@type":"EntryPoint","urlTemplate":"https:\/\/www.idp.es\/en\/?s={search_term_string}"},"query-input":{"@type":"PropertyValueSpecification","valueRequired":true,"valueName":"search_term_string"}}],"inLanguage":"en-US"},{"@type":"Organization","@id":"https:\/\/www.idp.es\/en\/#organization","name":"IDP","url":"https:\/\/www.idp.es\/en\/","logo":{"@type":"ImageObject","inLanguage":"en-US","@id":"https:\/\/www.idp.es\/en\/#\/schema\/logo\/image\/","url":"https:\/\/www.idp.es\/wp-content\/uploads\/2018\/02\/logoIDP.jpg","contentUrl":"https:\/\/www.idp.es\/wp-content\/uploads\/2018\/02\/logoIDP.jpg","width":210,"height":65,"caption":"IDP"},"image":{"@id":"https:\/\/www.idp.es\/en\/#\/schema\/logo\/image\/"}}]}},"_links":{"self":[{"href":"https:\/\/www.idp.es\/en\/wp-json\/wp\/v2\/pages\/48571","targetHints":{"allow":["GET"]}}],"collection":[{"href":"https:\/\/www.idp.es\/en\/wp-json\/wp\/v2\/pages"}],"about":[{"href":"https:\/\/www.idp.es\/en\/wp-json\/wp\/v2\/types\/page"}],"author":[{"embeddable":true,"href":"https:\/\/www.idp.es\/en\/wp-json\/wp\/v2\/users\/1"}],"replies":[{"embeddable":true,"href":"https:\/\/www.idp.es\/en\/wp-json\/wp\/v2\/comments?post=48571"}],"version-history":[{"count":0,"href":"https:\/\/www.idp.es\/en\/wp-json\/wp\/v2\/pages\/48571\/revisions"}],"wp:featuredmedia":[{"embeddable":true,"href":"https:\/\/www.idp.es\/en\/wp-json\/wp\/v2\/media\/49362"}],"wp:attachment":[{"href":"https:\/\/www.idp.es\/en\/wp-json\/wp\/v2\/media?parent=48571"}],"curies":[{"name":"wp","href":"https:\/\/api.w.org\/{rel}","templated":true}]}}